{"id":3346,"date":"2025-03-01T11:30:41","date_gmt":"2025-03-01T10:30:41","guid":{"rendered":"https:\/\/lavueltaspectacles.fr\/index.php\/about-us\/"},"modified":"2025-03-10T13:28:28","modified_gmt":"2025-03-10T12:28:28","slug":"notre-equipe-2","status":"publish","type":"page","link":"https:\/\/lavueltaspectacles.fr\/index.php\/notre-equipe-2\/","title":{"rendered":"Notre \u00c9quipe V2"},"content":{"rendered":"\t\t<div data-elementor-type=\"wp-page\" data-elementor-id=\"3346\" class=\"elementor elementor-3346\" data-elementor-post-type=\"page\">\n\t\t\t\t\t\t<section class=\"elementor-section elementor-top-section elementor-element elementor-element-57ef838a elementor-section-full_width elementor-section-height-min-height elementor-section-items-stretch elementor-section-content-middle elementor-reverse-tablet elementor-reverse-mobile elementor-section-height-default\" data-id=\"57ef838a\" data-element_type=\"section\" data-e-type=\"section\">\n\t\t\t\t\t\t<div class=\"elementor-container elementor-column-gap-no\">\n\t\t\t\t\t<div class=\"elementor-column elementor-col-50 elementor-top-column elementor-element elementor-element-45bfe74a\" data-id=\"45bfe74a\" data-element_type=\"column\" data-e-type=\"column\" data-settings=\"{&quot;background_background&quot;:&quot;classic&quot;}\">\n\t\t\t<div class=\"elementor-widget-wrap elementor-element-populated\">\n\t\t\t\t\t\t<div class=\"elementor-element elementor-element-9e4dce9 elementor-widget elementor-widget-spacer\" data-id=\"9e4dce9\" data-element_type=\"widget\" data-e-type=\"widget\" data-widget_type=\"spacer.default\">\n\t\t\t\t<div class=\"elementor-widget-container\">\n\t\t\t\t\t\t\t<div class=\"elementor-spacer\">\n\t\t\t<div class=\"elementor-spacer-inner\"><\/div>\n\t\t<\/div>\n\t\t\t\t\t\t<\/div>\n\t\t\t\t<\/div>\n\t\t\t\t\t<\/div>\n\t\t<\/div>\n\t\t\t\t<div class=\"elementor-column elementor-col-50 elementor-top-column elementor-element elementor-element-1df47e5f\" data-id=\"1df47e5f\" data-element_type=\"column\" data-e-type=\"column\">\n\t\t\t<div class=\"elementor-widget-wrap elementor-element-populated\">\n\t\t\t\t\t\t<div class=\"elementor-element elementor-element-249fd639 elementor-widget elementor-widget-heading\" data-id=\"249fd639\" data-element_type=\"widget\" data-e-type=\"widget\" data-widget_type=\"heading.default\">\n\t\t\t\t<div class=\"elementor-widget-container\">\n\t\t\t\t\t<h1 class=\"elementor-heading-title elementor-size-default\">Notre expertise \u00e9v\u00e9nementielle\n<\/h1>\t\t\t\t<\/div>\n\t\t\t\t<\/div>\n\t\t\t\t<div class=\"elementor-element elementor-element-19e13495 elementor-widget__width-initial elementor-widget elementor-widget-text-editor\" data-id=\"19e13495\" data-element_type=\"widget\" data-e-type=\"widget\" data-widget_type=\"text-editor.default\">\n\t\t\t\t<div class=\"elementor-widget-container\">\n\t\t\t\t\t\t\t\t\t<p class=\"p1\">Depuis plus de 16 ans, <span class=\"s1\"><b>La Vuelta<\/b><\/span> est une r\u00e9f\u00e9rence dans la production de spectacles et l\u2019organisation d\u2019\u00e9v\u00e9nements en France et \u00e0 l\u2019\u00e9tranger. Sp\u00e9cialis\u00e9e dans la cr\u00e9ation de spectacles populaires, nous valorisons les traditions et la culture taurine \u00e0 travers des productions uniques, alliant innovation et respect des identit\u00e9s locales.<\/p><p class=\"p1\">De <span class=\"s1\"><b>Bayonne \u00e0 B\u00e9ziers, en passant par Dax,\u00a0Soustons ou N\u00eemes<\/b><\/span>, nous collaborons avec des partenaires passionn\u00e9s pour offrir des exp\u00e9riences inoubliables et renforcer l\u2019attractivit\u00e9 du territoire.<\/p>\t\t\t\t\t\t\t\t<\/div>\n\t\t\t\t<\/div>\n\t\t\t\t\t<\/div>\n\t\t<\/div>\n\t\t\t\t\t<\/div>\n\t\t<\/section>\n\t\t\t\t<section class=\"elementor-section elementor-top-section elementor-element elementor-element-3f94ad32 elementor-section-full_width elementor-section-height-min-height elementor-section-items-stretch elementor-section-content-middle elementor-section-height-default\" data-id=\"3f94ad32\" data-element_type=\"section\" data-e-type=\"section\">\n\t\t\t\t\t\t<div class=\"elementor-container elementor-column-gap-no\">\n\t\t\t\t\t<div class=\"elementor-column elementor-col-50 elementor-top-column elementor-element elementor-element-6258d21a\" data-id=\"6258d21a\" data-element_type=\"column\" data-e-type=\"column\">\n\t\t\t<div class=\"elementor-widget-wrap elementor-element-populated\">\n\t\t\t\t\t\t<div class=\"elementor-element elementor-element-6b709a21 elementor-widget elementor-widget-heading\" data-id=\"6b709a21\" data-element_type=\"widget\" data-e-type=\"widget\" data-widget_type=\"heading.default\">\n\t\t\t\t<div class=\"elementor-widget-container\">\n\t\t\t\t\t<h1 class=\"elementor-heading-title elementor-size-default\">Une \u00e9quipe engag\u00e9e et compl\u00e9mentaire<\/h1>\t\t\t\t<\/div>\n\t\t\t\t<\/div>\n\t\t\t\t<div class=\"elementor-element elementor-element-3aa9204c elementor-widget__width-initial elementor-widget elementor-widget-text-editor\" data-id=\"3aa9204c\" data-element_type=\"widget\" data-e-type=\"widget\" data-widget_type=\"text-editor.default\">\n\t\t\t\t<div class=\"elementor-widget-container\">\n\t\t\t\t\t\t\t\t\t<p class=\"p1\">Notre force repose sur une \u00e9quipe de professionnels aux comp\u00e9tences vari\u00e9es :<\/p><p class=\"p2\">\u2022<span class=\"s1\"><b>Nicolas Vergonzeanne<\/b><\/span>, torero et directeur artistique, ma\u00eetre d\u2019\u0153uvre des spectacles populaires.<\/p><p class=\"p2\">\u2022<span class=\"s1\"><b>Julien Lescarret<\/b><\/span>, matador et expert en spectacles taurins.<\/p><p class=\"p2\">\u2022<span class=\"s1\"><b>Fr\u00e9d\u00e9ric Vergonzeanne<\/b><\/span>, responsable des partenariats et relations institutionnelles.<\/p><p class=\"p2\">\u2022<span class=\"s1\"><b>Guillaume Vergonzeanne<\/b><\/span>, garant de la logistique et de la technique.<\/p><p class=\"p2\">\u2022<span class=\"s1\"><b>Aude Lapique<\/b><\/span>, associ\u00e9e, impliqu\u00e9e dans la coordination des projets.<\/p><p class=\"p1\">Ensemble, nous unissons passion, tradition et modernit\u00e9 pour faire rayonner nos \u00e9v\u00e9nements.<\/p>\t\t\t\t\t\t\t\t<\/div>\n\t\t\t\t<\/div>\n\t\t\t\t\t<\/div>\n\t\t<\/div>\n\t\t\t\t<div class=\"elementor-column elementor-col-50 elementor-top-column elementor-element elementor-element-3d851ef8\" data-id=\"3d851ef8\" data-element_type=\"column\" data-e-type=\"column\" data-settings=\"{&quot;background_background&quot;:&quot;classic&quot;}\">\n\t\t\t<div class=\"elementor-widget-wrap elementor-element-populated\">\n\t\t\t\t\t\t<div class=\"elementor-element elementor-element-d6b2cfe elementor-widget elementor-widget-spacer\" data-id=\"d6b2cfe\" data-element_type=\"widget\" data-e-type=\"widget\" data-widget_type=\"spacer.default\">\n\t\t\t\t<div class=\"elementor-widget-container\">\n\t\t\t\t\t\t\t<div class=\"elementor-spacer\">\n\t\t\t<div class=\"elementor-spacer-inner\"><\/div>\n\t\t<\/div>\n\t\t\t\t\t\t<\/div>\n\t\t\t\t<\/div>\n\t\t\t\t\t<\/div>\n\t\t<\/div>\n\t\t\t\t\t<\/div>\n\t\t<\/section>\n\t\t\t\t<section class=\"elementor-section elementor-top-section elementor-element elementor-element-bfb728e elementor-section-full_width elementor-section-height-min-height elementor-section-items-stretch elementor-section-content-middle elementor-reverse-tablet elementor-reverse-mobile elementor-section-height-default\" data-id=\"bfb728e\" data-element_type=\"section\" data-e-type=\"section\">\n\t\t\t\t\t\t<div class=\"elementor-container elementor-column-gap-no\">\n\t\t\t\t\t<div class=\"elementor-column elementor-col-50 elementor-top-column elementor-element elementor-element-711177c\" data-id=\"711177c\" data-element_type=\"column\" data-e-type=\"column\" data-settings=\"{&quot;background_background&quot;:&quot;classic&quot;}\">\n\t\t\t<div class=\"elementor-widget-wrap elementor-element-populated\">\n\t\t\t\t\t\t<div class=\"elementor-element elementor-element-c4d8d01 elementor-widget elementor-widget-spacer\" data-id=\"c4d8d01\" data-element_type=\"widget\" data-e-type=\"widget\" data-widget_type=\"spacer.default\">\n\t\t\t\t<div class=\"elementor-widget-container\">\n\t\t\t\t\t\t\t<div class=\"elementor-spacer\">\n\t\t\t<div class=\"elementor-spacer-inner\"><\/div>\n\t\t<\/div>\n\t\t\t\t\t\t<\/div>\n\t\t\t\t<\/div>\n\t\t\t\t\t<\/div>\n\t\t<\/div>\n\t\t\t\t<div class=\"elementor-column elementor-col-50 elementor-top-column elementor-element elementor-element-b344660\" data-id=\"b344660\" data-element_type=\"column\" data-e-type=\"column\">\n\t\t\t<div class=\"elementor-widget-wrap elementor-element-populated\">\n\t\t\t\t\t\t<div class=\"elementor-element elementor-element-392d4c9 elementor-widget elementor-widget-heading\" data-id=\"392d4c9\" data-element_type=\"widget\" data-e-type=\"widget\" data-widget_type=\"heading.default\">\n\t\t\t\t<div class=\"elementor-widget-container\">\n\t\t\t\t\t<h1 class=\"elementor-heading-title elementor-size-default\">Nos valeurs et notre engagement<\/h1>\t\t\t\t<\/div>\n\t\t\t\t<\/div>\n\t\t\t\t<div class=\"elementor-element elementor-element-f70836f elementor-widget__width-initial elementor-widget elementor-widget-text-editor\" data-id=\"f70836f\" data-element_type=\"widget\" data-e-type=\"widget\" data-widget_type=\"text-editor.default\">\n\t\t\t\t<div class=\"elementor-widget-container\">\n\t\t\t\t\t\t\t\t\t<p class=\"p1\">Nous partageons une vision forte avec nos partenaires, bas\u00e9e sur :<\/p><p class=\"p2\"><span class=\"s1\">\u2714\ufe0f <\/span><b>La valorisation du patrimoine et des traditions<\/b><\/p><p class=\"p2\"><span class=\"s1\">\u2714\ufe0f <\/span><b>La promotion de la culture taurine<\/b><\/p><p class=\"p2\"><span class=\"s1\">\u2714\ufe0f <\/span><b>Le d\u00e9veloppement des spectacles populaires<\/b><\/p><p class=\"p2\"><span class=\"s1\">\u2714\ufe0f <\/span><b>L\u2019attractivit\u00e9 et le dynamisme du territoire<\/b><\/p><p class=\"p1\">Notre mission ? Concevoir des \u00e9v\u00e9nements qui respectent l\u2019h\u00e9ritage culturel tout en captivant les nouvelles g\u00e9n\u00e9rations.<\/p>\t\t\t\t\t\t\t\t<\/div>\n\t\t\t\t<\/div>\n\t\t\t\t\t<\/div>\n\t\t<\/div>\n\t\t\t\t\t<\/div>\n\t\t<\/section>\n\t\t\t\t<\/div>\n\t\t","protected":false},"excerpt":{"rendered":"<p>Notre expertise \u00e9v\u00e9nementielle Depuis plus de 16 ans, La Vuelta est une r\u00e9f\u00e9rence dans la production de spectacles et l\u2019organisation d\u2019\u00e9v\u00e9nements en France et \u00e0 l\u2019\u00e9tranger. Sp\u00e9cialis\u00e9e dans la cr\u00e9ation de spectacles populaires, nous valorisons les traditions et la culture taurine \u00e0 travers des productions uniques, alliant innovation et respect des identit\u00e9s locales. De Bayonne [&hellip;]<\/p>\n","protected":false},"author":2,"featured_media":3351,"parent":0,"menu_order":0,"comment_status":"closed","ping_status":"closed","template":"elementor_header_footer","meta":{"footnotes":""},"class_list":["post-3346","page","type-page","status-publish","has-post-thumbnail","hentry"],"_links":{"self":[{"href":"https:\/\/lavueltaspectacles.fr\/index.php\/wp-json\/wp\/v2\/pages\/3346","targetHints":{"allow":["GET"]}}],"collection":[{"href":"https:\/\/lavueltaspectacles.fr\/index.php\/wp-json\/wp\/v2\/pages"}],"about":[{"href":"https:\/\/lavueltaspectacles.fr\/index.php\/wp-json\/wp\/v2\/types\/page"}],"author":[{"embeddable":true,"href":"https:\/\/lavueltaspectacles.fr\/index.php\/wp-json\/wp\/v2\/users\/2"}],"replies":[{"embeddable":true,"href":"https:\/\/lavueltaspectacles.fr\/index.php\/wp-json\/wp\/v2\/comments?post=3346"}],"version-history":[{"count":14,"href":"https:\/\/lavueltaspectacles.fr\/index.php\/wp-json\/wp\/v2\/pages\/3346\/revisions"}],"predecessor-version":[{"id":3630,"href":"https:\/\/lavueltaspectacles.fr\/index.php\/wp-json\/wp\/v2\/pages\/3346\/revisions\/3630"}],"wp:featuredmedia":[{"embeddable":true,"href":"https:\/\/lavueltaspectacles.fr\/index.php\/wp-json\/wp\/v2\/media\/3351"}],"wp:attachment":[{"href":"https:\/\/lavueltaspectacles.fr\/index.php\/wp-json\/wp\/v2\/media?parent=3346"}],"curies":[{"name":"wp","href":"https:\/\/api.w.org\/{rel}","templated":true}]}}