{"id":3352,"date":"2025-03-01T11:30:42","date_gmt":"2025-03-01T10:30:42","guid":{"rendered":"https:\/\/lavueltaspectacles.fr\/index.php\/sale-page\/"},"modified":"2025-03-10T13:30:25","modified_gmt":"2025-03-10T12:30:25","slug":"nos-partenaires-2","status":"publish","type":"page","link":"https:\/\/lavueltaspectacles.fr\/index.php\/nos-partenaires-2\/","title":{"rendered":"Nos Partenaires V2"},"content":{"rendered":"\t\t<div data-elementor-type=\"wp-page\" data-elementor-id=\"3352\" class=\"elementor elementor-3352\" data-elementor-post-type=\"page\">\n\t\t\t\t\t\t<section class=\"elementor-section elementor-top-section elementor-element elementor-element-36ab3567 elementor-section-full_width elementor-section-height-min-height elementor-section-items-stretch elementor-section-content-middle elementor-section-height-default\" data-id=\"36ab3567\" data-element_type=\"section\" data-e-type=\"section\">\n\t\t\t\t\t\t<div class=\"elementor-container elementor-column-gap-no\">\n\t\t\t\t\t<div class=\"elementor-column elementor-col-50 elementor-top-column elementor-element elementor-element-5ac9c4da\" data-id=\"5ac9c4da\" data-element_type=\"column\" data-e-type=\"column\">\n\t\t\t<div class=\"elementor-widget-wrap elementor-element-populated\">\n\t\t\t\t\t\t<div class=\"elementor-element elementor-element-c91caed elementor-widget__width-initial elementor-widget elementor-widget-heading\" data-id=\"c91caed\" data-element_type=\"widget\" data-e-type=\"widget\" data-widget_type=\"heading.default\">\n\t\t\t\t<div class=\"elementor-widget-container\">\n\t\t\t\t\t<h1 class=\"elementor-heading-title elementor-size-default\">Nos partenaires, acteurs de notre r\u00e9ussite<\/h1>\t\t\t\t<\/div>\n\t\t\t\t<\/div>\n\t\t\t\t<div class=\"elementor-element elementor-element-11e5add8 elementor-widget elementor-widget-text-editor\" data-id=\"11e5add8\" data-element_type=\"widget\" data-e-type=\"widget\" data-widget_type=\"text-editor.default\">\n\t\t\t\t<div class=\"elementor-widget-container\">\n\t\t\t\t\t\t\t\t\t<p class=\"p1\">Notre r\u00e9seau de partenaires joue un r\u00f4le essentiel dans le succ\u00e8s de nos productions. Gr\u00e2ce \u00e0 leur engagement, nous pouvons continuer \u00e0 promouvoir des spectacles 100 % landais, ancr\u00e9s dans nos traditions et notre culture locale.<\/p><p class=\"p1\">Leur soutien nous permet de faire rayonner notre patrimoine bien au-del\u00e0 de nos fronti\u00e8res, en proposant des \u00e9v\u00e9nements uniques qui rassemblent passionn\u00e9s et curieux autour de la tauromachie et des spectacles identitaires.<\/p><p class=\"p3\"><b>Vous souhaitez rejoindre l\u2019aventure ?<\/b><\/p>\t\t\t\t\t\t\t\t<\/div>\n\t\t\t\t<\/div>\n\t\t\t\t<div class=\"elementor-element elementor-element-f96d5ce elementor-align-left elementor-widget elementor-widget-button\" data-id=\"f96d5ce\" data-element_type=\"widget\" data-e-type=\"widget\" data-widget_type=\"button.default\">\n\t\t\t\t<div class=\"elementor-widget-container\">\n\t\t\t\t\t\t\t\t\t<div class=\"elementor-button-wrapper\">\n\t\t\t\t\t<a class=\"elementor-button elementor-button-link elementor-size-sm\" href=\"https:\/\/lavueltaspectacles.fr\/index.php\/contact\/\">\n\t\t\t\t\t\t<span class=\"elementor-button-content-wrapper\">\n\t\t\t\t\t\t\t\t\t<span class=\"elementor-button-text\">Demander le dossier de partenariat<\/span>\n\t\t\t\t\t<\/span>\n\t\t\t\t\t<\/a>\n\t\t\t\t<\/div>\n\t\t\t\t\t\t\t\t<\/div>\n\t\t\t\t<\/div>\n\t\t\t\t\t<\/div>\n\t\t<\/div>\n\t\t\t\t<div class=\"elementor-column elementor-col-50 elementor-top-column elementor-element elementor-element-785c60ef\" data-id=\"785c60ef\" data-element_type=\"column\" data-e-type=\"column\" data-settings=\"{&quot;background_background&quot;:&quot;slideshow&quot;,&quot;background_slideshow_gallery&quot;:[{&quot;id&quot;:3433,&quot;url&quot;:&quot;http:\\\/\\\/lavueltaspectacles.fr\\\/wp-content\\\/uploads\\\/2025\\\/03\\\/Businessmen-Handshake-scaled.jpg&quot;}],&quot;background_slideshow_slide_duration&quot;:2000,&quot;background_slideshow_ken_burns&quot;:&quot;yes&quot;,&quot;background_slideshow_loop&quot;:&quot;yes&quot;,&quot;background_slideshow_slide_transition&quot;:&quot;fade&quot;,&quot;background_slideshow_transition_duration&quot;:500,&quot;background_slideshow_ken_burns_zoom_direction&quot;:&quot;in&quot;}\">\n\t\t\t<div class=\"elementor-widget-wrap elementor-element-populated\">\n\t\t\t\t\t\t<div class=\"elementor-element elementor-element-51fd2dde elementor-widget elementor-widget-spacer\" data-id=\"51fd2dde\" data-element_type=\"widget\" data-e-type=\"widget\" data-widget_type=\"spacer.default\">\n\t\t\t\t<div class=\"elementor-widget-container\">\n\t\t\t\t\t\t\t<div class=\"elementor-spacer\">\n\t\t\t<div class=\"elementor-spacer-inner\"><\/div>\n\t\t<\/div>\n\t\t\t\t\t\t<\/div>\n\t\t\t\t<\/div>\n\t\t\t\t\t<\/div>\n\t\t<\/div>\n\t\t\t\t\t<\/div>\n\t\t<\/section>\n\t\t\t\t<section class=\"elementor-section elementor-top-section elementor-element elementor-element-32c0f64c elementor-section-boxed elementor-section-height-default elementor-section-height-default\" data-id=\"32c0f64c\" data-element_type=\"section\" data-e-type=\"section\">\n\t\t\t\t\t\t<div class=\"elementor-container elementor-column-gap-default\">\n\t\t\t\t\t<div class=\"elementor-column elementor-col-100 elementor-top-column elementor-element elementor-element-470de002\" data-id=\"470de002\" data-element_type=\"column\" data-e-type=\"column\">\n\t\t\t<div class=\"elementor-widget-wrap elementor-element-populated\">\n\t\t\t\t\t\t<div class=\"elementor-element elementor-element-0351a2c elementor-widget__width-initial elementor-widget elementor-widget-heading\" data-id=\"0351a2c\" data-element_type=\"widget\" data-e-type=\"widget\" data-widget_type=\"heading.default\">\n\t\t\t\t<div class=\"elementor-widget-container\">\n\t\t\t\t\t<h1 class=\"elementor-heading-title elementor-size-default\">D\u00e9couvrez nos partenaires<\/h1>\t\t\t\t<\/div>\n\t\t\t\t<\/div>\n\t\t\t\t<div class=\"elementor-element elementor-element-601df1d elementor-widget elementor-widget-text-editor\" data-id=\"601df1d\" data-element_type=\"widget\" data-e-type=\"widget\" data-widget_type=\"text-editor.default\">\n\t\t\t\t<div class=\"elementor-widget-container\">\n\t\t\t\t\t\t\t\t\t<p class=\"p1\">Notre r\u00e9seau de partenaires joue un r\u00f4le essentiel dans le succ\u00e8s de nos productions. Gr\u00e2ce \u00e0 leur engagement, nous pouvons continuer \u00e0 promouvoir des spectacles 100 % landais, ancr\u00e9s dans nos traditions et notre culture locale.<\/p>\t\t\t\t\t\t\t\t<\/div>\n\t\t\t\t<\/div>\n\t\t\t\t<div class=\"elementor-element elementor-element-74edc59 elementor-widget elementor-widget-gallery\" data-id=\"74edc59\" data-element_type=\"widget\" data-e-type=\"widget\" data-settings=\"{&quot;gallery_layout&quot;:&quot;masonry&quot;,&quot;columns&quot;:3,&quot;lazyload&quot;:&quot;yes&quot;,&quot;columns_tablet&quot;:2,&quot;columns_mobile&quot;:1,&quot;gap&quot;:{&quot;unit&quot;:&quot;px&quot;,&quot;size&quot;:10,&quot;sizes&quot;:[]},&quot;gap_tablet&quot;:{&quot;unit&quot;:&quot;px&quot;,&quot;size&quot;:10,&quot;sizes&quot;:[]},&quot;gap_mobile&quot;:{&quot;unit&quot;:&quot;px&quot;,&quot;size&quot;:10,&quot;sizes&quot;:[]},&quot;link_to&quot;:&quot;file&quot;,&quot;content_hover_animation&quot;:&quot;fade-in&quot;}\" data-widget_type=\"gallery.default\">\n\t\t\t\t<div class=\"elementor-widget-container\">\n\t\t\t\t\t\t\t<div class=\"elementor-gallery__container\">\n\t\t\t\t\t\t\t<a class=\"e-gallery-item elementor-gallery-item elementor-animated-content\" href=\"https:\/\/lavueltaspectacles.fr\/wp-content\/uploads\/2018\/02\/b9523ea41697622492@1280x1280.png\" data-elementor-open-lightbox=\"yes\" data-elementor-lightbox-slideshow=\"74edc59\" data-elementor-lightbox-title=\"b9523ea41697622492@1280x1280\" data-e-action-hash=\"#elementor-action%3Aaction%3Dlightbox%26settings%3DeyJpZCI6Mjg2OCwidXJsIjoiaHR0cHM6XC9cL2xhdnVlbHRhc3BlY3RhY2xlcy5mclwvd3AtY29udGVudFwvdXBsb2Fkc1wvMjAxOFwvMDJcL2I5NTIzZWE0MTY5NzYyMjQ5MkAxMjgweDEyODAucG5nIiwic2xpZGVzaG93IjoiNzRlZGM1OSJ9\">\n\t\t\t\t\t<div class=\"e-gallery-image elementor-gallery-item__image\" data-thumbnail=\"https:\/\/lavueltaspectacles.fr\/wp-content\/uploads\/2018\/02\/b9523ea41697622492@1280x1280-300x300.png\" data-width=\"300\" data-height=\"300\" aria-label=\"\" role=\"img\" ><\/div>\n\t\t\t\t\t\t\t\t\t\t\t\t\t\t<\/a>\n\t\t\t\t\t\t\t<a class=\"e-gallery-item elementor-gallery-item elementor-animated-content\" href=\"https:\/\/lavueltaspectacles.fr\/wp-content\/uploads\/2024\/04\/logo-16691051041.jpg\" data-elementor-open-lightbox=\"yes\" data-elementor-lightbox-slideshow=\"74edc59\" data-elementor-lightbox-title=\"logo-16691051041\" data-e-action-hash=\"#elementor-action%3Aaction%3Dlightbox%26settings%3DeyJpZCI6Mjk4NywidXJsIjoiaHR0cHM6XC9cL2xhdnVlbHRhc3BlY3RhY2xlcy5mclwvd3AtY29udGVudFwvdXBsb2Fkc1wvMjAyNFwvMDRcL2xvZ28tMTY2OTEwNTEwNDEuanBnIiwic2xpZGVzaG93IjoiNzRlZGM1OSJ9\">\n\t\t\t\t\t<div class=\"e-gallery-image elementor-gallery-item__image\" data-thumbnail=\"https:\/\/lavueltaspectacles.fr\/wp-content\/uploads\/2024\/04\/logo-16691051041-300x122.jpg\" data-width=\"300\" data-height=\"122\" aria-label=\"\" role=\"img\" ><\/div>\n\t\t\t\t\t\t\t\t\t\t\t\t\t\t<\/a>\n\t\t\t\t\t\t\t<a class=\"e-gallery-item elementor-gallery-item elementor-animated-content\" href=\"https:\/\/lavueltaspectacles.fr\/wp-content\/uploads\/2018\/02\/bar-basque.jpg\" data-elementor-open-lightbox=\"yes\" data-elementor-lightbox-slideshow=\"74edc59\" data-elementor-lightbox-title=\"bar basque\" data-e-action-hash=\"#elementor-action%3Aaction%3Dlightbox%26settings%3DeyJpZCI6Mjg2MywidXJsIjoiaHR0cHM6XC9cL2xhdnVlbHRhc3BlY3RhY2xlcy5mclwvd3AtY29udGVudFwvdXBsb2Fkc1wvMjAxOFwvMDJcL2Jhci1iYXNxdWUuanBnIiwic2xpZGVzaG93IjoiNzRlZGM1OSJ9\">\n\t\t\t\t\t<div class=\"e-gallery-image elementor-gallery-item__image\" data-thumbnail=\"https:\/\/lavueltaspectacles.fr\/wp-content\/uploads\/2018\/02\/bar-basque-300x242.jpg\" data-width=\"300\" data-height=\"242\" aria-label=\"\" role=\"img\" ><\/div>\n\t\t\t\t\t\t\t\t\t\t\t\t\t\t<\/a>\n\t\t\t\t\t\t\t<a class=\"e-gallery-item elementor-gallery-item elementor-animated-content\" href=\"https:\/\/lavueltaspectacles.fr\/wp-content\/uploads\/2018\/02\/LECLERC.jpg\" data-elementor-open-lightbox=\"yes\" data-elementor-lightbox-slideshow=\"74edc59\" data-elementor-lightbox-title=\"LECLERC\" data-e-action-hash=\"#elementor-action%3Aaction%3Dlightbox%26settings%3DeyJpZCI6Mjg2MCwidXJsIjoiaHR0cHM6XC9cL2xhdnVlbHRhc3BlY3RhY2xlcy5mclwvd3AtY29udGVudFwvdXBsb2Fkc1wvMjAxOFwvMDJcL0xFQ0xFUkMuanBnIiwic2xpZGVzaG93IjoiNzRlZGM1OSJ9\">\n\t\t\t\t\t<div class=\"e-gallery-image elementor-gallery-item__image\" data-thumbnail=\"https:\/\/lavueltaspectacles.fr\/wp-content\/uploads\/2018\/02\/LECLERC-300x300.jpg\" data-width=\"300\" data-height=\"300\" aria-label=\"\" role=\"img\" ><\/div>\n\t\t\t\t\t\t\t\t\t\t\t\t\t\t<\/a>\n\t\t\t\t\t\t\t<a class=\"e-gallery-item elementor-gallery-item elementor-animated-content\" href=\"https:\/\/lavueltaspectacles.fr\/wp-content\/uploads\/2024\/04\/BANNER-FERME-DARRIGADE-I.jpg\" data-elementor-open-lightbox=\"yes\" data-elementor-lightbox-slideshow=\"74edc59\" data-elementor-lightbox-title=\"-BANNER-FERME-DARRIGADE-I\" data-e-action-hash=\"#elementor-action%3Aaction%3Dlightbox%26settings%3DeyJpZCI6Mjk4OSwidXJsIjoiaHR0cHM6XC9cL2xhdnVlbHRhc3BlY3RhY2xlcy5mclwvd3AtY29udGVudFwvdXBsb2Fkc1wvMjAyNFwvMDRcL0JBTk5FUi1GRVJNRS1EQVJSSUdBREUtSS5qcGciLCJzbGlkZXNob3ciOiI3NGVkYzU5In0%3D\">\n\t\t\t\t\t<div class=\"e-gallery-image elementor-gallery-item__image\" data-thumbnail=\"https:\/\/lavueltaspectacles.fr\/wp-content\/uploads\/2024\/04\/BANNER-FERME-DARRIGADE-I-300x225.jpg\" data-width=\"300\" data-height=\"225\" aria-label=\"\" role=\"img\" ><\/div>\n\t\t\t\t\t\t\t\t\t\t\t\t\t\t<\/a>\n\t\t\t\t\t\t\t<a class=\"e-gallery-item elementor-gallery-item elementor-animated-content\" href=\"https:\/\/lavueltaspectacles.fr\/wp-content\/uploads\/2018\/02\/6475faf3310000c5f5205b70.png\" data-elementor-open-lightbox=\"yes\" data-elementor-lightbox-slideshow=\"74edc59\" data-elementor-lightbox-title=\"6475faf3310000c5f5205b70\" data-e-action-hash=\"#elementor-action%3Aaction%3Dlightbox%26settings%3DeyJpZCI6Mjg2MiwidXJsIjoiaHR0cHM6XC9cL2xhdnVlbHRhc3BlY3RhY2xlcy5mclwvd3AtY29udGVudFwvdXBsb2Fkc1wvMjAxOFwvMDJcLzY0NzVmYWYzMzEwMDAwYzVmNTIwNWI3MC5wbmciLCJzbGlkZXNob3ciOiI3NGVkYzU5In0%3D\">\n\t\t\t\t\t<div class=\"e-gallery-image elementor-gallery-item__image\" data-thumbnail=\"https:\/\/lavueltaspectacles.fr\/wp-content\/uploads\/2018\/02\/6475faf3310000c5f5205b70-300x198.png\" data-width=\"300\" data-height=\"198\" aria-label=\"\" role=\"img\" ><\/div>\n\t\t\t\t\t\t\t\t\t\t\t\t\t\t<\/a>\n\t\t\t\t\t\t\t<a class=\"e-gallery-item elementor-gallery-item elementor-animated-content\" href=\"https:\/\/lavueltaspectacles.fr\/wp-content\/uploads\/2018\/02\/777220ca-459b-4fda-b144-56be7d90f73b.jpg\" data-elementor-open-lightbox=\"yes\" data-elementor-lightbox-slideshow=\"74edc59\" data-elementor-lightbox-title=\"777220ca-459b-4fda-b144-56be7d90f73b\" data-e-action-hash=\"#elementor-action%3Aaction%3Dlightbox%26settings%3DeyJpZCI6MjgzOSwidXJsIjoiaHR0cHM6XC9cL2xhdnVlbHRhc3BlY3RhY2xlcy5mclwvd3AtY29udGVudFwvdXBsb2Fkc1wvMjAxOFwvMDJcLzc3NzIyMGNhLTQ1OWItNGZkYS1iMTQ0LTU2YmU3ZDkwZjczYi5qcGciLCJzbGlkZXNob3ciOiI3NGVkYzU5In0%3D\">\n\t\t\t\t\t<div class=\"e-gallery-image elementor-gallery-item__image\" data-thumbnail=\"https:\/\/lavueltaspectacles.fr\/wp-content\/uploads\/2018\/02\/777220ca-459b-4fda-b144-56be7d90f73b-169x300.jpg\" data-width=\"169\" data-height=\"300\" aria-label=\"\" role=\"img\" ><\/div>\n\t\t\t\t\t\t\t\t\t\t\t\t\t\t<\/a>\n\t\t\t\t\t\t\t<a class=\"e-gallery-item elementor-gallery-item elementor-animated-content\" href=\"https:\/\/lavueltaspectacles.fr\/wp-content\/uploads\/2018\/02\/logo.png\" data-elementor-open-lightbox=\"yes\" data-elementor-lightbox-slideshow=\"74edc59\" data-elementor-lightbox-title=\"logo\" data-e-action-hash=\"#elementor-action%3Aaction%3Dlightbox%26settings%3DeyJpZCI6MjkzNiwidXJsIjoiaHR0cHM6XC9cL2xhdnVlbHRhc3BlY3RhY2xlcy5mclwvd3AtY29udGVudFwvdXBsb2Fkc1wvMjAxOFwvMDJcL2xvZ28ucG5nIiwic2xpZGVzaG93IjoiNzRlZGM1OSJ9\">\n\t\t\t\t\t<div class=\"e-gallery-image elementor-gallery-item__image\" data-thumbnail=\"https:\/\/lavueltaspectacles.fr\/wp-content\/uploads\/2018\/02\/logo-300x100.png\" data-width=\"300\" data-height=\"100\" aria-label=\"\" role=\"img\" ><\/div>\n\t\t\t\t\t\t\t\t\t\t\t\t\t\t<\/a>\n\t\t\t\t\t<\/div>\n\t\t\t\t\t<\/div>\n\t\t\t\t<\/div>\n\t\t\t\t\t<\/div>\n\t\t<\/div>\n\t\t\t\t\t<\/div>\n\t\t<\/section>\n\t\t\t\t<section class=\"elementor-section elementor-top-section elementor-element elementor-element-ab72ba7 elementor-section-full_width elementor-section-height-default elementor-section-height-default\" data-id=\"ab72ba7\" data-element_type=\"section\" data-e-type=\"section\">\n\t\t\t\t\t\t<div class=\"elementor-container elementor-column-gap-default\">\n\t\t\t\t\t<div class=\"elementor-column elementor-col-50 elementor-top-column elementor-element elementor-element-08af1f0\" data-id=\"08af1f0\" data-element_type=\"column\" data-e-type=\"column\" data-settings=\"{&quot;background_background&quot;:&quot;slideshow&quot;,&quot;background_slideshow_gallery&quot;:[{&quot;id&quot;:2620,&quot;url&quot;:&quot;http:\\\/\\\/lavueltaspectacles.fr\\\/wp-content\\\/uploads\\\/2018\\\/03\\\/NIcolas-vergonzeanne-et-la-vuelta-boletero-scaled-e1741609312387.jpg&quot;},{&quot;id&quot;:2609,&quot;url&quot;:&quot;http:\\\/\\\/lavueltaspectacles.fr\\\/wp-content\\\/uploads\\\/2024\\\/04\\\/DSC04559.jpg&quot;}],&quot;background_slideshow_loop&quot;:&quot;yes&quot;,&quot;background_slideshow_slide_duration&quot;:5000,&quot;background_slideshow_slide_transition&quot;:&quot;fade&quot;,&quot;background_slideshow_transition_duration&quot;:500}\">\n\t\t\t<div class=\"elementor-widget-wrap elementor-element-populated\">\n\t\t\t\t\t\t<div class=\"elementor-element elementor-element-1da389b elementor-widget elementor-widget-spacer\" data-id=\"1da389b\" data-element_type=\"widget\" data-e-type=\"widget\" data-widget_type=\"spacer.default\">\n\t\t\t\t<div class=\"elementor-widget-container\">\n\t\t\t\t\t\t\t<div class=\"elementor-spacer\">\n\t\t\t<div class=\"elementor-spacer-inner\"><\/div>\n\t\t<\/div>\n\t\t\t\t\t\t<\/div>\n\t\t\t\t<\/div>\n\t\t\t\t\t<\/div>\n\t\t<\/div>\n\t\t\t\t<div class=\"elementor-column elementor-col-50 elementor-top-column elementor-element elementor-element-6537438\" data-id=\"6537438\" data-element_type=\"column\" data-e-type=\"column\">\n\t\t\t<div class=\"elementor-widget-wrap elementor-element-populated\">\n\t\t\t\t\t\t<div class=\"elementor-element elementor-element-7882a42 elementor-widget elementor-widget-heading\" data-id=\"7882a42\" data-element_type=\"widget\" data-e-type=\"widget\" data-widget_type=\"heading.default\">\n\t\t\t\t<div class=\"elementor-widget-container\">\n\t\t\t\t\t<h2 class=\"elementor-heading-title elementor-size-default\">D\u00e9couvrir notre \u00c9quipe !<\/h2>\t\t\t\t<\/div>\n\t\t\t\t<\/div>\n\t\t\t\t<div class=\"elementor-element elementor-element-3aac1c4 elementor-widget__width-initial elementor-widget elementor-widget-text-editor\" data-id=\"3aac1c4\" data-element_type=\"widget\" data-e-type=\"widget\" data-widget_type=\"text-editor.default\">\n\t\t\t\t<div class=\"elementor-widget-container\">\n\t\t\t\t\t\t\t\t\t<p>Une \u00e9quipe 100% landaise encadr\u00e9e par des champions, anciens sportifs de haut niveau.<\/p>\t\t\t\t\t\t\t\t<\/div>\n\t\t\t\t<\/div>\n\t\t\t\t<div class=\"elementor-element elementor-element-29a17ed elementor-align-left elementor-widget elementor-widget-button\" data-id=\"29a17ed\" data-element_type=\"widget\" data-e-type=\"widget\" data-widget_type=\"button.default\">\n\t\t\t\t<div class=\"elementor-widget-container\">\n\t\t\t\t\t\t\t\t\t<div class=\"elementor-button-wrapper\">\n\t\t\t\t\t<a class=\"elementor-button elementor-button-link elementor-size-sm\" href=\"https:\/\/lavueltaspectacles.fr\/index.php\/notre-equipe-2\/\">\n\t\t\t\t\t\t<span class=\"elementor-button-content-wrapper\">\n\t\t\t\t\t\t\t\t\t<span class=\"elementor-button-text\">En savoir plus<\/span>\n\t\t\t\t\t<\/span>\n\t\t\t\t\t<\/a>\n\t\t\t\t<\/div>\n\t\t\t\t\t\t\t\t<\/div>\n\t\t\t\t<\/div>\n\t\t\t\t\t<\/div>\n\t\t<\/div>\n\t\t\t\t\t<\/div>\n\t\t<\/section>\n\t\t\t\t<\/div>\n\t\t","protected":false},"excerpt":{"rendered":"<p>Nos partenaires, acteurs de notre r\u00e9ussite Notre r\u00e9seau de partenaires joue un r\u00f4le essentiel dans le succ\u00e8s de nos productions. Gr\u00e2ce \u00e0 leur engagement, nous pouvons continuer \u00e0 promouvoir des spectacles 100 % landais, ancr\u00e9s dans nos traditions et notre culture locale. Leur soutien nous permet de faire rayonner notre patrimoine bien au-del\u00e0 de nos [&hellip;]<\/p>\n","protected":false},"author":2,"featured_media":3433,"parent":0,"menu_order":0,"comment_status":"closed","ping_status":"closed","template":"elementor_header_footer","meta":{"footnotes":""},"class_list":["post-3352","page","type-page","status-publish","has-post-thumbnail","hentry"],"_links":{"self":[{"href":"https:\/\/lavueltaspectacles.fr\/index.php\/wp-json\/wp\/v2\/pages\/3352","targetHints":{"allow":["GET"]}}],"collection":[{"href":"https:\/\/lavueltaspectacles.fr\/index.php\/wp-json\/wp\/v2\/pages"}],"about":[{"href":"https:\/\/lavueltaspectacles.fr\/index.php\/wp-json\/wp\/v2\/types\/page"}],"author":[{"embeddable":true,"href":"https:\/\/lavueltaspectacles.fr\/index.php\/wp-json\/wp\/v2\/users\/2"}],"replies":[{"embeddable":true,"href":"https:\/\/lavueltaspectacles.fr\/index.php\/wp-json\/wp\/v2\/comments?post=3352"}],"version-history":[{"count":44,"href":"https:\/\/lavueltaspectacles.fr\/index.php\/wp-json\/wp\/v2\/pages\/3352\/revisions"}],"predecessor-version":[{"id":3633,"href":"https:\/\/lavueltaspectacles.fr\/index.php\/wp-json\/wp\/v2\/pages\/3352\/revisions\/3633"}],"wp:featuredmedia":[{"embeddable":true,"href":"https:\/\/lavueltaspectacles.fr\/index.php\/wp-json\/wp\/v2\/media\/3433"}],"wp:attachment":[{"href":"https:\/\/lavueltaspectacles.fr\/index.php\/wp-json\/wp\/v2\/media?parent=3352"}],"curies":[{"name":"wp","href":"https:\/\/api.w.org\/{rel}","templated":true}]}}