{"id":3530,"date":"2025-03-07T12:35:10","date_gmt":"2025-03-07T11:35:10","guid":{"rendered":"https:\/\/lavueltaspectacles.fr\/?page_id=3530"},"modified":"2026-01-06T17:05:59","modified_gmt":"2026-01-06T16:05:59","slug":"nos-spectacles-v2","status":"publish","type":"page","link":"https:\/\/lavueltaspectacles.fr\/index.php\/nos-spectacles-v2\/","title":{"rendered":"Nos Spectacles V2"},"content":{"rendered":"\t\t<div data-elementor-type=\"wp-page\" data-elementor-id=\"3530\" class=\"elementor elementor-3530\" data-elementor-post-type=\"page\">\n\t\t\t\t\t\t<section class=\"elementor-section elementor-top-section elementor-element elementor-element-2b19242 elementor-section-boxed elementor-section-height-default elementor-section-height-default\" data-id=\"2b19242\" data-element_type=\"section\" data-e-type=\"section\">\n\t\t\t\t\t\t<div class=\"elementor-container elementor-column-gap-default\">\n\t\t\t\t\t<div class=\"elementor-column elementor-col-100 elementor-top-column elementor-element elementor-element-9f5c1ef\" data-id=\"9f5c1ef\" data-element_type=\"column\" data-e-type=\"column\" data-settings=\"{&quot;background_background&quot;:&quot;slideshow&quot;,&quot;background_slideshow_gallery&quot;:[{&quot;id&quot;:2403,&quot;url&quot;:&quot;http:\\\/\\\/lavueltaspectacles.fr\\\/wp-content\\\/uploads\\\/2018\\\/03\\\/DSC04730.jpg&quot;}],&quot;background_slideshow_loop&quot;:&quot;yes&quot;,&quot;background_slideshow_slide_duration&quot;:5000,&quot;background_slideshow_slide_transition&quot;:&quot;fade&quot;,&quot;background_slideshow_transition_duration&quot;:500}\">\n\t\t\t<div class=\"elementor-widget-wrap elementor-element-populated\">\n\t\t\t\t\t\t<div class=\"elementor-element elementor-element-510dabc elementor-widget elementor-widget-heading\" data-id=\"510dabc\" data-element_type=\"widget\" data-e-type=\"widget\" data-widget_type=\"heading.default\">\n\t\t\t\t<div class=\"elementor-widget-container\">\n\t\t\t\t\t<h1 class=\"elementor-heading-title elementor-size-default\">Nos Spectacles<\/h1>\t\t\t\t<\/div>\n\t\t\t\t<\/div>\n\t\t\t\t<div class=\"elementor-element elementor-element-98b456a elementor-widget__width-initial elementor-widget elementor-widget-text-editor\" data-id=\"98b456a\" data-element_type=\"widget\" data-e-type=\"widget\" data-widget_type=\"text-editor.default\">\n\t\t\t\t<div class=\"elementor-widget-container\">\n\t\t\t\t\t\t\t\t\t<p>Cliquez sur l&rsquo;affiche de votre choix pour acc\u00e9der \u00e0 la billetterie<\/p>\t\t\t\t\t\t\t\t<\/div>\n\t\t\t\t<\/div>\n\t\t\t\t\t<\/div>\n\t\t<\/div>\n\t\t\t\t\t<\/div>\n\t\t<\/section>\n\t\t\t\t<section class=\"elementor-section elementor-top-section elementor-element elementor-element-e4d27af elementor-section-boxed elementor-section-height-default elementor-section-height-default\" data-id=\"e4d27af\" data-element_type=\"section\" data-e-type=\"section\">\n\t\t\t\t\t\t<div class=\"elementor-container elementor-column-gap-default\">\n\t\t\t\t\t<div class=\"elementor-column elementor-col-25 elementor-top-column elementor-element elementor-element-e5a3b80\" data-id=\"e5a3b80\" data-element_type=\"column\" data-e-type=\"column\" data-settings=\"{&quot;background_background&quot;:&quot;slideshow&quot;,&quot;background_slideshow_gallery&quot;:[],&quot;background_slideshow_loop&quot;:&quot;yes&quot;,&quot;background_slideshow_slide_duration&quot;:5000,&quot;background_slideshow_slide_transition&quot;:&quot;fade&quot;,&quot;background_slideshow_transition_duration&quot;:500}\">\n\t\t\t<div class=\"elementor-widget-wrap elementor-element-populated\">\n\t\t\t\t\t\t<div class=\"elementor-element elementor-element-9d50fb3 elementor-widget elementor-widget-image\" data-id=\"9d50fb3\" data-element_type=\"widget\" data-e-type=\"widget\" data-widget_type=\"image.default\">\n\t\t\t\t<div class=\"elementor-widget-container\">\n\t\t\t\t\t\t\t\t\t\t\t\t<figure class=\"wp-caption\">\n\t\t\t\t\t\t\t\t\t\t<img decoding=\"async\" src=\"https:\/\/lavueltaspectacles.fr\/wp-content\/uploads\/2024\/04\/PHOTO-2024-04-25-11-21-03-2.jpg\" title=\"PHOTO-2024-04-25-11-21-03-2\" alt=\"PHOTO-2024-04-25-11-21-03-2\" class=\"elementor-animation-grow\" loading=\"lazy\" \/>\t\t\t\t\t\t\t\t\t\t\t<figcaption class=\"widget-image-caption wp-caption-text\">Les ma\u00eetres de la tauromachie \u00ab \u00e0 cuerpo limpio \u00bb affrontent des toros de 500 kgs dans un spectacle m\u00ealant exploit, pr\u00e9cision et \u00e9motion ! Le spectacle s'accompagne des c\u00e9l\u00e8bres FORCADOS portugais, de danse ou de chevaux.<\/figcaption>\n\t\t\t\t\t\t\t\t\t\t<\/figure>\n\t\t\t\t\t\t\t\t\t<\/div>\n\t\t\t\t<\/div>\n\t\t\t\t\t<\/div>\n\t\t<\/div>\n\t\t\t\t<div class=\"elementor-column elementor-col-25 elementor-top-column elementor-element elementor-element-cd450b6\" data-id=\"cd450b6\" data-element_type=\"column\" data-e-type=\"column\">\n\t\t\t<div class=\"elementor-widget-wrap elementor-element-populated\">\n\t\t\t\t\t\t<div class=\"elementor-element elementor-element-206eeee elementor-widget elementor-widget-image\" data-id=\"206eeee\" data-element_type=\"widget\" data-e-type=\"widget\" data-widget_type=\"image.default\">\n\t\t\t\t<div class=\"elementor-widget-container\">\n\t\t\t\t\t\t\t\t\t\t\t\t<figure class=\"wp-caption\">\n\t\t\t\t\t\t\t\t\t\t\t<a href=\"https:\/\/billetterie.festik.net\/arenesdetyrosse\/product\/%22le-grand-defi-\">\n\t\t\t\t\t\t\t<img decoding=\"async\" src=\"https:\/\/lavueltaspectacles.fr\/wp-content\/uploads\/2024\/04\/PHOTO-2024-04-25-11-21-04.jpg\" title=\"PHOTO-2024-04-25-11-21-04\" alt=\"PHOTO-2024-04-25-11-21-04\" class=\"elementor-animation-grow\" loading=\"lazy\" \/>\t\t\t\t\t\t\t\t<\/a>\n\t\t\t\t\t\t\t\t\t\t\t<figcaption class=\"widget-image-caption wp-caption-text\">\ud83c\udfaf Le grand d\u00e9fi landais ! Avec les meilleurs \u00e9carteurs landais et recortadores espagnols, face \u00e0 12 vaches de l\u2019\u00e9levage Marg\u00e9, triomphateur de la Temporada fran\u00e7aise et Brindis d\u2019or 2024. \t\u2022\tUne partie \u00e9questre avec dressage, voltige et performances spectaculaires.<\/figcaption>\n\t\t\t\t\t\t\t\t\t\t<\/figure>\n\t\t\t\t\t\t\t\t\t<\/div>\n\t\t\t\t<\/div>\n\t\t\t\t\t<\/div>\n\t\t<\/div>\n\t\t\t\t<div class=\"elementor-column elementor-col-25 elementor-top-column elementor-element elementor-element-042f49d\" data-id=\"042f49d\" data-element_type=\"column\" data-e-type=\"column\">\n\t\t\t<div class=\"elementor-widget-wrap elementor-element-populated\">\n\t\t\t\t\t\t<div class=\"elementor-element elementor-element-723474a elementor-widget elementor-widget-image\" data-id=\"723474a\" data-element_type=\"widget\" data-e-type=\"widget\" data-widget_type=\"image.default\">\n\t\t\t\t<div class=\"elementor-widget-container\">\n\t\t\t\t\t\t\t\t\t\t\t\t<figure class=\"wp-caption\">\n\t\t\t\t\t\t\t\t\t\t\t<a href=\"https:\/\/billetterie.landes-emotions.fr\/index.php?ev=iiAzfu\">\n\t\t\t\t\t\t\t<img decoding=\"async\" src=\"https:\/\/lavueltaspectacles.fr\/wp-content\/uploads\/2024\/04\/PHOTO-2024-04-25-11-21-04.jpg\" title=\"PHOTO-2024-04-25-11-21-04\" alt=\"PHOTO-2024-04-25-11-21-04\" class=\"elementor-animation-grow\" loading=\"lazy\" \/>\t\t\t\t\t\t\t\t<\/a>\n\t\t\t\t\t\t\t\t\t\t\t<figcaption class=\"widget-image-caption wp-caption-text\">\ud83c\udf96 Avec l\u2019\u00e9lite de la course landaise, champions de France en titre.  \u27a1\ufe0f D\u00e9fis avec vaches \u00e0 corde, sauteurs \u00e9lites, confrontations sans corde, et un final spectaculaire avec 3 toros, dont un de plus de 600 kg de la Ganader\u00eda Yonnet.  \ud83d\udc90 Hommage \u00e0 l\u2019\u00e9leveur iconique Jean-Louis Deyris \ud83c\udfb6 Ambiance festive assur\u00e9e avec musiciens locaux.  \ud83c\udfab Spectacle \u00e0 guichets ferm\u00e9s \u2013 adr\u00e9naline et tradition garanties !<\/figcaption>\n\t\t\t\t\t\t\t\t\t\t<\/figure>\n\t\t\t\t\t\t\t\t\t<\/div>\n\t\t\t\t<\/div>\n\t\t\t\t\t<\/div>\n\t\t<\/div>\n\t\t\t\t<div class=\"elementor-column elementor-col-25 elementor-top-column elementor-element elementor-element-4b62087\" data-id=\"4b62087\" data-element_type=\"column\" data-e-type=\"column\">\n\t\t\t<div class=\"elementor-widget-wrap elementor-element-populated\">\n\t\t\t\t\t\t<div class=\"elementor-element elementor-element-a249353 elementor-widget elementor-widget-image\" data-id=\"a249353\" data-element_type=\"widget\" data-e-type=\"widget\" data-widget_type=\"image.default\">\n\t\t\t\t<div class=\"elementor-widget-container\">\n\t\t\t\t\t\t\t\t\t\t\t\t<figure class=\"wp-caption\">\n\t\t\t\t\t\t\t\t\t\t\t<a href=\"https:\/\/blt.redtaag.com\/index.php?ev=5Y2DvA\">\n\t\t\t\t\t\t\t<img decoding=\"async\" src=\"https:\/\/lavueltaspectacles.fr\/wp-content\/uploads\/2026\/01\/Soustons-2026-Insta-scaled.jpg\" title=\"Soustons 2026 Insta\" alt=\"Soustons 2026 Insta\" class=\"elementor-animation-grow\" loading=\"lazy\" \/>\t\t\t\t\t\t\t\t<\/a>\n\t\t\t\t\t\t\t\t\t\t\t<figcaption class=\"widget-image-caption wp-caption-text\">Cartel d'exception ! FERNAY   \u00c9levage triomphateur en 2025 qui se pr\u00e9sente comme l\u2019un des \u00e9levages les plus attractifs pour les ann\u00e9es \u00e0 venirVICTOR (Arles),   Torero classique, triomphateur et brindis d\u2019or 2025. L\u2019ann\u00e9e de la confirmation avant l\u2019alternative.    MIRIAM CABAS (Espagne)  L\u2019une des rares femmes \u00e0 ce niveau  et tr\u00e8s suivi sur les r\u00e9seaux sociaux. Tr\u00e8s populaire au Mexique, elle aspire a conqu\u00e9rir la France.    CLOVIS GERMAIN (N\u00eemes)  Le nouveau grand espoir de la tauromachie fran\u00e7aise. Triomphateur absolu des novilladas sans picadors et tr\u00e8s attendu du public du sud-ouest.    \ud83c\udf89 5 \u00e9ditions pr\u00e9c\u00e9dentes = 5 succ\u00e8s artistiques et public conquis.<\/figcaption>\n\t\t\t\t\t\t\t\t\t\t<\/figure>\n\t\t\t\t\t\t\t\t\t<\/div>\n\t\t\t\t<\/div>\n\t\t\t\t\t<\/div>\n\t\t<\/div>\n\t\t\t\t\t<\/div>\n\t\t<\/section>\n\t\t\t\t<section class=\"elementor-section elementor-top-section elementor-element elementor-element-a84117a elementor-section-boxed elementor-section-height-default elementor-section-height-default\" data-id=\"a84117a\" data-element_type=\"section\" data-e-type=\"section\">\n\t\t\t\t\t\t<div class=\"elementor-container elementor-column-gap-default\">\n\t\t\t\t\t<div class=\"elementor-column elementor-col-25 elementor-top-column elementor-element elementor-element-9c7593d\" data-id=\"9c7593d\" data-element_type=\"column\" data-e-type=\"column\" data-settings=\"{&quot;background_background&quot;:&quot;slideshow&quot;,&quot;background_slideshow_gallery&quot;:[],&quot;background_slideshow_loop&quot;:&quot;yes&quot;,&quot;background_slideshow_slide_duration&quot;:5000,&quot;background_slideshow_slide_transition&quot;:&quot;fade&quot;,&quot;background_slideshow_transition_duration&quot;:500}\">\n\t\t\t<div class=\"elementor-widget-wrap elementor-element-populated\">\n\t\t\t\t\t\t<div class=\"elementor-element elementor-element-f4f0df8 elementor-widget elementor-widget-image\" data-id=\"f4f0df8\" data-element_type=\"widget\" data-e-type=\"widget\" data-widget_type=\"image.default\">\n\t\t\t\t<div class=\"elementor-widget-container\">\n\t\t\t\t\t\t\t\t\t\t\t\t<figure class=\"wp-caption\">\n\t\t\t\t\t\t\t\t\t\t\t<a href=\"https:\/\/billetterie.landes-emotions.fr\/index.php?ev=k6YPng\">\n\t\t\t\t\t\t\t<img decoding=\"async\" src=\"https:\/\/lavueltaspectacles.fr\/wp-content\/uploads\/2024\/04\/PHOTO-2024-04-25-11-21-02.jpg\" title=\"PHOTO-2024-04-25-11-21-02\" alt=\"PHOTO-2024-04-25-11-21-02\" class=\"elementor-animation-grow\" loading=\"lazy\" \/>\t\t\t\t\t\t\t\t<\/a>\n\t\t\t\t\t\t\t\t\t\t\t<figcaption class=\"widget-image-caption wp-caption-text\">\ud83c\uddeb\ud83c\uddf7 \ud83c\uddea\ud83c\uddf8 France vs Espagne ! Les meilleurs raseteurs fran\u00e7ais face aux sp\u00e9cialistes espagnols.  \ud83d\udc02 Vaches et taureaux d\u2019exception dans un concours charg\u00e9 en adr\u00e9naline et bravoure. \ud83d\udc67 Initiation enfants \u00e0 l\u2019art du raset \u2013 une immersion dans l\u2019univers des ar\u00e8nes !<\/figcaption>\n\t\t\t\t\t\t\t\t\t\t<\/figure>\n\t\t\t\t\t\t\t\t\t<\/div>\n\t\t\t\t<\/div>\n\t\t\t\t\t<\/div>\n\t\t<\/div>\n\t\t\t\t<div class=\"elementor-column elementor-col-25 elementor-top-column elementor-element elementor-element-a5935f9\" data-id=\"a5935f9\" data-element_type=\"column\" data-e-type=\"column\">\n\t\t\t<div class=\"elementor-widget-wrap elementor-element-populated\">\n\t\t\t\t\t\t<div class=\"elementor-element elementor-element-b62a05c elementor-widget elementor-widget-image\" data-id=\"b62a05c\" data-element_type=\"widget\" data-e-type=\"widget\" data-widget_type=\"image.default\">\n\t\t\t\t<div class=\"elementor-widget-container\">\n\t\t\t\t\t\t\t\t\t\t\t\t<figure class=\"wp-caption\">\n\t\t\t\t\t\t\t\t\t\t\t<a href=\"https:\/\/www.arenes-beziers.com\">\n\t\t\t\t\t\t\t<img decoding=\"async\" src=\"https:\/\/lavueltaspectacles.fr\/wp-content\/uploads\/2024\/04\/PHOTO-2024-04-25-11-21-03-2.jpg\" title=\"PHOTO-2024-04-25-11-21-03-2\" alt=\"PHOTO-2024-04-25-11-21-03-2\" class=\"elementor-animation-grow\" loading=\"lazy\" \/>\t\t\t\t\t\t\t\t<\/a>\n\t\t\t\t\t\t\t\t\t\t\t<figcaption class=\"widget-image-caption wp-caption-text\">Les ma\u00eetres de la tauromachie \u00ab \u00e0 cuerpo limpio \u00bb affrontent des toros de 500 kgs dans un spectacle m\u00ealant exploit, pr\u00e9cision et \u00e9motion ! Le spectacle s'accompagne des c\u00e9l\u00e8bres FORCADOS portugais, de danse ou de chevaux.<\/figcaption>\n\t\t\t\t\t\t\t\t\t\t<\/figure>\n\t\t\t\t\t\t\t\t\t<\/div>\n\t\t\t\t<\/div>\n\t\t\t\t\t<\/div>\n\t\t<\/div>\n\t\t\t\t<div class=\"elementor-column elementor-col-25 elementor-top-column elementor-element elementor-element-556ef08\" data-id=\"556ef08\" data-element_type=\"column\" data-e-type=\"column\">\n\t\t\t<div class=\"elementor-widget-wrap elementor-element-populated\">\n\t\t\t\t\t\t<div class=\"elementor-element elementor-element-27ede98 elementor-widget elementor-widget-image\" data-id=\"27ede98\" data-element_type=\"widget\" data-e-type=\"widget\" data-widget_type=\"image.default\">\n\t\t\t\t<div class=\"elementor-widget-container\">\n\t\t\t\t\t\t\t\t\t\t\t\t<figure class=\"wp-caption\">\n\t\t\t\t\t\t\t\t\t\t<img decoding=\"async\" src=\"https:\/\/lavueltaspectacles.fr\/wp-content\/uploads\/2024\/04\/PHOTO-2024-04-25-11-21-03-2.jpg\" title=\"PHOTO-2024-04-25-11-21-03-2\" alt=\"PHOTO-2024-04-25-11-21-03-2\" class=\"elementor-animation-grow\" loading=\"lazy\" \/>\t\t\t\t\t\t\t\t\t\t\t<figcaption class=\"widget-image-caption wp-caption-text\">Les ma\u00eetres de la tauromachie \u00ab \u00e0 cuerpo limpio \u00bb affrontent des toros de 500 kgs dans un spectacle m\u00ealant exploit, pr\u00e9cision et \u00e9motion ! Le spectacle s'accompagne des c\u00e9l\u00e8bres FORCADOS portugais, de danse ou de chevaux.<\/figcaption>\n\t\t\t\t\t\t\t\t\t\t<\/figure>\n\t\t\t\t\t\t\t\t\t<\/div>\n\t\t\t\t<\/div>\n\t\t\t\t\t<\/div>\n\t\t<\/div>\n\t\t\t\t<div class=\"elementor-column elementor-col-25 elementor-top-column elementor-element elementor-element-7427400\" data-id=\"7427400\" data-element_type=\"column\" data-e-type=\"column\">\n\t\t\t<div class=\"elementor-widget-wrap elementor-element-populated\">\n\t\t\t\t\t\t<div class=\"elementor-element elementor-element-791dfa5 elementor-widget elementor-widget-image\" data-id=\"791dfa5\" data-element_type=\"widget\" data-e-type=\"widget\" data-widget_type=\"image.default\">\n\t\t\t\t<div class=\"elementor-widget-container\">\n\t\t\t\t\t\t\t\t\t\t\t\t<figure class=\"wp-caption\">\n\t\t\t\t\t\t\t\t\t\t\t<a href=\"https:\/\/arenesdedax.com\/evenement\/nuit-du-toro\">\n\t\t\t\t\t\t\t<img decoding=\"async\" src=\"https:\/\/lavueltaspectacles.fr\/wp-content\/uploads\/2026\/01\/NUIT-DU-TORO-Affiche-2026-B-scaled.jpg\" title=\"NUIT DU TORO Affiche 2026 B\" alt=\"NUIT DU TORO Affiche 2026 B\" class=\"elementor-animation-grow\" loading=\"lazy\" \/>\t\t\t\t\t\t\t\t<\/a>\n\t\t\t\t\t\t\t\t\t\t\t<figcaption class=\"widget-image-caption wp-caption-text\">En 2026, la NUIT DU TORO f\u00eate 20 ans de l\u00e9gendes ! Un show monumental, une mise en sc\u00e8ne exceptionnelle, une prgrammation in\u00e9dite et les plus grands noms de la discipline pour une soir\u00e9e qui s'annonce l\u00e9gendaire !<\/figcaption>\n\t\t\t\t\t\t\t\t\t\t<\/figure>\n\t\t\t\t\t\t\t\t\t<\/div>\n\t\t\t\t<\/div>\n\t\t\t\t\t<\/div>\n\t\t<\/div>\n\t\t\t\t\t<\/div>\n\t\t<\/section>\n\t\t\t\t<section class=\"elementor-section elementor-top-section elementor-element elementor-element-178d97a elementor-section-boxed elementor-section-height-default elementor-section-height-default\" data-id=\"178d97a\" data-element_type=\"section\" data-e-type=\"section\">\n\t\t\t\t\t\t<div class=\"elementor-container elementor-column-gap-default\">\n\t\t\t\t\t<div class=\"elementor-column elementor-col-100 elementor-top-column elementor-element elementor-element-82742b3\" data-id=\"82742b3\" data-element_type=\"column\" data-e-type=\"column\">\n\t\t\t<div class=\"elementor-widget-wrap elementor-element-populated\">\n\t\t\t\t\t\t<div class=\"elementor-element elementor-element-b2ca4c5 elementor-widget elementor-widget-image\" data-id=\"b2ca4c5\" data-element_type=\"widget\" data-e-type=\"widget\" data-widget_type=\"image.default\">\n\t\t\t\t<div class=\"elementor-widget-container\">\n\t\t\t\t\t\t\t\t\t\t\t\t\t\t\t<img fetchpriority=\"high\" decoding=\"async\" width=\"683\" height=\"1024\" src=\"https:\/\/lavueltaspectacles.fr\/wp-content\/uploads\/2018\/03\/DSC04740-683x1024.jpg\" class=\"attachment-large size-large wp-image-2405\" alt=\"\" srcset=\"https:\/\/lavueltaspectacles.fr\/wp-content\/uploads\/2018\/03\/DSC04740-683x1024.jpg 683w, https:\/\/lavueltaspectacles.fr\/wp-content\/uploads\/2018\/03\/DSC04740-200x300.jpg 200w, https:\/\/lavueltaspectacles.fr\/wp-content\/uploads\/2018\/03\/DSC04740-768x1152.jpg 768w, https:\/\/lavueltaspectacles.fr\/wp-content\/uploads\/2018\/03\/DSC04740-1024x1536.jpg 1024w, https:\/\/lavueltaspectacles.fr\/wp-content\/uploads\/2018\/03\/DSC04740-370x555.jpg 370w, https:\/\/lavueltaspectacles.fr\/wp-content\/uploads\/2018\/03\/DSC04740-812x1218.jpg 812w, https:\/\/lavueltaspectacles.fr\/wp-content\/uploads\/2018\/03\/DSC04740-406x609.jpg 406w, https:\/\/lavueltaspectacles.fr\/wp-content\/uploads\/2018\/03\/DSC04740.jpg 1365w\" sizes=\"(max-width: 683px) 100vw, 683px\" \/>\t\t\t\t\t\t\t\t\t\t\t\t\t\t\t<\/div>\n\t\t\t\t<\/div>\n\t\t\t\t\t<\/div>\n\t\t<\/div>\n\t\t\t\t\t<\/div>\n\t\t<\/section>\n\t\t\t\t<\/div>\n\t\t","protected":false},"excerpt":{"rendered":"<p>Nos Spectacles Cliquez sur l&rsquo;affiche de votre choix pour acc\u00e9der \u00e0 la billetterie Les ma\u00eetres de la tauromachie \u00ab \u00e0 cuerpo limpio \u00bb affrontent des toros de 500 kgs dans un spectacle m\u00ealant exploit, pr\u00e9cision et \u00e9motion ! Le spectacle s&rsquo;accompagne des c\u00e9l\u00e8bres FORCADOS portugais, de danse ou de chevaux. \ud83c\udfaf Le grand d\u00e9fi landais [&hellip;]<\/p>\n","protected":false},"author":2,"featured_media":0,"parent":0,"menu_order":0,"comment_status":"closed","ping_status":"closed","template":"elementor_header_footer","meta":{"footnotes":""},"class_list":["post-3530","page","type-page","status-publish","hentry"],"_links":{"self":[{"href":"https:\/\/lavueltaspectacles.fr\/index.php\/wp-json\/wp\/v2\/pages\/3530","targetHints":{"allow":["GET"]}}],"collection":[{"href":"https:\/\/lavueltaspectacles.fr\/index.php\/wp-json\/wp\/v2\/pages"}],"about":[{"href":"https:\/\/lavueltaspectacles.fr\/index.php\/wp-json\/wp\/v2\/types\/page"}],"author":[{"embeddable":true,"href":"https:\/\/lavueltaspectacles.fr\/index.php\/wp-json\/wp\/v2\/users\/2"}],"replies":[{"embeddable":true,"href":"https:\/\/lavueltaspectacles.fr\/index.php\/wp-json\/wp\/v2\/comments?post=3530"}],"version-history":[{"count":43,"href":"https:\/\/lavueltaspectacles.fr\/index.php\/wp-json\/wp\/v2\/pages\/3530\/revisions"}],"predecessor-version":[{"id":3787,"href":"https:\/\/lavueltaspectacles.fr\/index.php\/wp-json\/wp\/v2\/pages\/3530\/revisions\/3787"}],"wp:attachment":[{"href":"https:\/\/lavueltaspectacles.fr\/index.php\/wp-json\/wp\/v2\/media?parent=3530"}],"curies":[{"name":"wp","href":"https:\/\/api.w.org\/{rel}","templated":true}]}}